{"id":18,"date":"2024-08-01T17:54:28","date_gmt":"2024-08-01T17:54:28","guid":{"rendered":"https:\/\/conosrl.com.py\/?page_id=18"},"modified":"2024-08-08T23:00:55","modified_gmt":"2024-08-08T23:00:55","slug":"our-services","status":"publish","type":"page","link":"https:\/\/conosrl.com.py\/?page_id=18","title":{"rendered":"Our Services"},"content":{"rendered":"\t\t<div data-elementor-type=\"wp-page\" data-elementor-id=\"18\" class=\"elementor elementor-18\">\n\t\t\t\t<div class=\"elementor-element elementor-element-a5fc2b6 e-flex e-con-boxed e-con e-parent\" data-id=\"a5fc2b6\" data-element_type=\"container\">\n\t\t\t\t\t<div class=\"e-con-inner\">\n\t\t\t\t<div class=\"elementor-element elementor-element-df43261 elementor-widget elementor-widget-heading\" data-id=\"df43261\" data-element_type=\"widget\" data-widget_type=\"heading.default\">\n\t\t\t\t<div class=\"elementor-widget-container\">\n\t\t\t<style>\/*! elementor - v3.23.0 - 25-07-2024 *\/\n.elementor-heading-title{padding:0;margin:0;line-height:1}.elementor-widget-heading .elementor-heading-title[class*=elementor-size-]>a{color:inherit;font-size:inherit;line-height:inherit}.elementor-widget-heading .elementor-heading-title.elementor-size-small{font-size:15px}.elementor-widget-heading .elementor-heading-title.elementor-size-medium{font-size:19px}.elementor-widget-heading .elementor-heading-title.elementor-size-large{font-size:29px}.elementor-widget-heading .elementor-heading-title.elementor-size-xl{font-size:39px}.elementor-widget-heading .elementor-heading-title.elementor-size-xxl{font-size:59px}<\/style><h2 class=\"elementor-heading-title elementor-size-default\">Nuestros Servicios<\/h2>\t\t<\/div>\n\t\t\t\t<\/div>\n\t\t\t\t<div class=\"elementor-element elementor-element-7b62840 elementor-widget elementor-widget-heading\" data-id=\"7b62840\" data-element_type=\"widget\" data-widget_type=\"heading.default\">\n\t\t\t\t<div class=\"elementor-widget-container\">\n\t\t\t<h5 class=\"elementor-heading-title elementor-size-default\">Con 40 a\u00f1os de Experiencia<\/h5>\t\t<\/div>\n\t\t\t\t<\/div>\n\t\t<div class=\"elementor-element elementor-element-75c63da e-con-full e-flex e-con e-child\" data-id=\"75c63da\" data-element_type=\"container\">\n\t\t\t\t<div class=\"elementor-element elementor-element-9d217b2 elementor-widget-tablet__width-initial elementor-widget-mobile__width-inherit elementor-widget__width-initial elementor-position-top elementor-widget elementor-widget-image-box\" data-id=\"9d217b2\" data-element_type=\"widget\" data-widget_type=\"image-box.default\">\n\t\t\t\t<div class=\"elementor-widget-container\">\n\t\t\t<style>\/*! elementor - v3.23.0 - 25-07-2024 *\/\n.elementor-widget-image-box .elementor-image-box-content{width:100%}@media (min-width:768px){.elementor-widget-image-box.elementor-position-left .elementor-image-box-wrapper,.elementor-widget-image-box.elementor-position-right .elementor-image-box-wrapper{display:flex}.elementor-widget-image-box.elementor-position-right .elementor-image-box-wrapper{text-align:end;flex-direction:row-reverse}.elementor-widget-image-box.elementor-position-left .elementor-image-box-wrapper{text-align:start;flex-direction:row}.elementor-widget-image-box.elementor-position-top .elementor-image-box-img{margin:auto}.elementor-widget-image-box.elementor-vertical-align-top .elementor-image-box-wrapper{align-items:flex-start}.elementor-widget-image-box.elementor-vertical-align-middle .elementor-image-box-wrapper{align-items:center}.elementor-widget-image-box.elementor-vertical-align-bottom .elementor-image-box-wrapper{align-items:flex-end}}@media (max-width:767px){.elementor-widget-image-box .elementor-image-box-img{margin-left:auto!important;margin-right:auto!important;margin-bottom:15px}}.elementor-widget-image-box .elementor-image-box-img{display:inline-block}.elementor-widget-image-box .elementor-image-box-title a{color:inherit}.elementor-widget-image-box .elementor-image-box-wrapper{text-align:center}.elementor-widget-image-box .elementor-image-box-description{margin:0}<\/style><div class=\"elementor-image-box-wrapper\"><figure class=\"elementor-image-box-img\"><img fetchpriority=\"high\" decoding=\"async\" width=\"510\" height=\"305\" src=\"https:\/\/conosrl.com.py\/wp-content\/uploads\/2024\/08\/FOTO-7-1-e1722957902928.jpg\" class=\"elementor-animation-grow attachment-full size-full wp-image-63\" alt=\"\" srcset=\"https:\/\/conosrl.com.py\/wp-content\/uploads\/2024\/08\/FOTO-7-1-e1722957902928.jpg 510w, https:\/\/conosrl.com.py\/wp-content\/uploads\/2024\/08\/FOTO-7-1-e1722957902928-300x179.jpg 300w\" sizes=\"(max-width: 510px) 100vw, 510px\" \/><\/figure><div class=\"elementor-image-box-content\"><h4 class=\"elementor-image-box-title\">ALTA Y MUY ALTA TENSI\u00d3N<span style=\"color: var( --e-global-color-primary ); font-family: var( --e-global-typography-392b9e0-font-family ), Sans-serif; font-size: var( --e-global-typography-392b9e0-font-size ); font-style: var( --e-global-typography-392b9e0-font-style ); font-weight: var( --e-global-typography-392b9e0-font-weight ); letter-spacing: var( --e-global-typography-392b9e0-letter-spacing ); text-transform: var( --e-global-typography-392b9e0-text-transform ); word-spacing: var( --e-global-typography-primary-word-spacing ); background-color: var( --e-global-color-c696dce );\"><\/span><br><\/h4><p class=\"elementor-image-box-description\">PROYECTO, CONSTRUCCI\u00d3N Y MANTENIMIENTO DE ESTACIONES Y SUBESTACIONES DE 220KV Y 66 KV.\nPROYECTO, CONSTRUCCI\u00d3N Y MANTENIMIENTO DE LINEAS ELECTRICAS DE 66KV.\n<\/p><\/div><\/div>\t\t<\/div>\n\t\t\t\t<\/div>\n\t\t\t\t<div class=\"elementor-element elementor-element-0c9a21c elementor-widget-tablet__width-initial elementor-widget-mobile__width-inherit elementor-widget__width-initial elementor-position-top elementor-widget elementor-widget-image-box\" data-id=\"0c9a21c\" data-element_type=\"widget\" data-widget_type=\"image-box.default\">\n\t\t\t\t<div class=\"elementor-widget-container\">\n\t\t\t<div class=\"elementor-image-box-wrapper\"><figure class=\"elementor-image-box-img\"><img decoding=\"async\" width=\"2560\" height=\"1645\" src=\"https:\/\/conosrl.com.py\/wp-content\/uploads\/2024\/08\/selective-focus-electricians-are-fixing-power-transmission-line-electricity-pole-1-scaled.jpg\" class=\"elementor-animation-grow attachment-full size-full wp-image-62\" alt=\"\" srcset=\"https:\/\/conosrl.com.py\/wp-content\/uploads\/2024\/08\/selective-focus-electricians-are-fixing-power-transmission-line-electricity-pole-1-scaled.jpg 2560w, https:\/\/conosrl.com.py\/wp-content\/uploads\/2024\/08\/selective-focus-electricians-are-fixing-power-transmission-line-electricity-pole-1-300x193.jpg 300w, https:\/\/conosrl.com.py\/wp-content\/uploads\/2024\/08\/selective-focus-electricians-are-fixing-power-transmission-line-electricity-pole-1-1024x658.jpg 1024w, https:\/\/conosrl.com.py\/wp-content\/uploads\/2024\/08\/selective-focus-electricians-are-fixing-power-transmission-line-electricity-pole-1-768x493.jpg 768w, https:\/\/conosrl.com.py\/wp-content\/uploads\/2024\/08\/selective-focus-electricians-are-fixing-power-transmission-line-electricity-pole-1-1536x987.jpg 1536w, https:\/\/conosrl.com.py\/wp-content\/uploads\/2024\/08\/selective-focus-electricians-are-fixing-power-transmission-line-electricity-pole-1-2048x1316.jpg 2048w\" sizes=\"(max-width: 2560px) 100vw, 2560px\" \/><\/figure><div class=\"elementor-image-box-content\"><h4 class=\"elementor-image-box-title\">MEDIA Y BAJA TENSI\u00d3N<span style=\"color: var( --e-global-color-primary ); font-family: var( --e-global-typography-392b9e0-font-family ), Sans-serif; font-size: var( --e-global-typography-392b9e0-font-size ); font-style: var( --e-global-typography-392b9e0-font-style ); font-weight: var( --e-global-typography-392b9e0-font-weight ); letter-spacing: var( --e-global-typography-392b9e0-letter-spacing ); text-transform: var( --e-global-typography-392b9e0-text-transform ); word-spacing: var( --e-global-typography-primary-word-spacing ); background-color: var( --e-global-color-c696dce );\"><\/span><br><\/h4><p class=\"elementor-image-box-description\">PROYECTO, CONSTRUCCI\u00d3N Y MANTENIMIENTO DE LINEAS DE DISTRIBUCI\u00d3N DE MEDIA Y BAJA TENSION. \n\n\nCONSTRUCCI\u00d3N Y PROYECTO  DE ILUMINACION PUBLICA.\n\nMONTAJE DE TRANSFORMADORES DE DISTRIBUCI\u00d3N. <\/p><\/div><\/div>\t\t<\/div>\n\t\t\t\t<\/div>\n\t\t\t\t<div class=\"elementor-element elementor-element-d6034c8 elementor-widget-tablet__width-initial elementor-widget-mobile__width-inherit elementor-widget__width-initial elementor-position-top elementor-widget elementor-widget-image-box\" data-id=\"d6034c8\" data-element_type=\"widget\" data-widget_type=\"image-box.default\">\n\t\t\t\t<div class=\"elementor-widget-container\">\n\t\t\t<div class=\"elementor-image-box-wrapper\"><figure class=\"elementor-image-box-img\"><img decoding=\"async\" src=\"https:\/\/conosrl.com.py\/wp-content\/uploads\/2024\/08\/planta-fotovoltaica-2-1140x757-1.jpg\" title=\"\" alt=\"\" class=\"elementor-animation-grow\" loading=\"lazy\" \/><\/figure><div class=\"elementor-image-box-content\"><h4 class=\"elementor-image-box-title\">GENERACI\u00d3N FOTOVOLTAICA<span style=\"color: var( --e-global-color-primary ); font-family: var( --e-global-typography-392b9e0-font-family ), Sans-serif; font-size: var( --e-global-typography-392b9e0-font-size ); font-style: var( --e-global-typography-392b9e0-font-style ); font-weight: var( --e-global-typography-392b9e0-font-weight ); letter-spacing: var( --e-global-typography-392b9e0-letter-spacing ); text-transform: var( --e-global-typography-392b9e0-text-transform ); word-spacing: var( --e-global-typography-primary-word-spacing ); background-color: var( --e-global-color-c696dce );\"><\/span><br><\/h4><p class=\"elementor-image-box-description\">PROYECTO Y CONSTRUCICI\u00d3N DE PLANTA DE GENERACI\u00d3N FOTOVOLTAICA<\/p><\/div><\/div>\t\t<\/div>\n\t\t\t\t<\/div>\n\t\t\t\t<div class=\"elementor-element elementor-element-f597b25 elementor-widget-tablet__width-initial elementor-widget-mobile__width-inherit elementor-widget__width-initial elementor-position-top elementor-widget elementor-widget-image-box\" data-id=\"f597b25\" data-element_type=\"widget\" data-widget_type=\"image-box.default\">\n\t\t\t\t<div class=\"elementor-widget-container\">\n\t\t\t<div class=\"elementor-image-box-wrapper\"><figure class=\"elementor-image-box-img\"><img decoding=\"async\" width=\"2560\" height=\"1707\" src=\"https:\/\/conosrl.com.py\/wp-content\/uploads\/2024\/08\/foreman-businessman-solar-energy-station-1-scaled.jpg\" class=\"elementor-animation-grow attachment-full size-full wp-image-64\" alt=\"\" srcset=\"https:\/\/conosrl.com.py\/wp-content\/uploads\/2024\/08\/foreman-businessman-solar-energy-station-1-scaled.jpg 2560w, https:\/\/conosrl.com.py\/wp-content\/uploads\/2024\/08\/foreman-businessman-solar-energy-station-1-300x200.jpg 300w, https:\/\/conosrl.com.py\/wp-content\/uploads\/2024\/08\/foreman-businessman-solar-energy-station-1-1024x683.jpg 1024w, https:\/\/conosrl.com.py\/wp-content\/uploads\/2024\/08\/foreman-businessman-solar-energy-station-1-768x512.jpg 768w, https:\/\/conosrl.com.py\/wp-content\/uploads\/2024\/08\/foreman-businessman-solar-energy-station-1-1536x1024.jpg 1536w, https:\/\/conosrl.com.py\/wp-content\/uploads\/2024\/08\/foreman-businessman-solar-energy-station-1-2048x1365.jpg 2048w\" sizes=\"(max-width: 2560px) 100vw, 2560px\" \/><\/figure><div class=\"elementor-image-box-content\"><h4 class=\"elementor-image-box-title\">SERVICIO DE CONSULTORIA <\/h4><p class=\"elementor-image-box-description\">SERVICIO DE CONSULTORIA DE NUEVAS INSTALACIONES EN GENERAL<\/p><\/div><\/div>\t\t<\/div>\n\t\t\t\t<\/div>\n\t\t\t\t<div class=\"elementor-element elementor-element-0f012ba elementor-widget-tablet__width-initial elementor-widget-mobile__width-inherit elementor-widget__width-initial elementor-position-top elementor-widget elementor-widget-image-box\" data-id=\"0f012ba\" data-element_type=\"widget\" data-widget_type=\"image-box.default\">\n\t\t\t\t<div class=\"elementor-widget-container\">\n\t\t\t<div class=\"elementor-image-box-wrapper\"><figure class=\"elementor-image-box-img\"><img loading=\"lazy\" decoding=\"async\" width=\"725\" height=\"436\" src=\"https:\/\/conosrl.com.py\/wp-content\/uploads\/2024\/08\/shutterstock_1678853569-Pequeno-e1722970336575.jpg\" class=\"elementor-animation-grow attachment-full size-full wp-image-193\" alt=\"\" srcset=\"https:\/\/conosrl.com.py\/wp-content\/uploads\/2024\/08\/shutterstock_1678853569-Pequeno-e1722970336575.jpg 725w, https:\/\/conosrl.com.py\/wp-content\/uploads\/2024\/08\/shutterstock_1678853569-Pequeno-e1722970336575-300x180.jpg 300w\" sizes=\"(max-width: 725px) 100vw, 725px\" \/><\/figure><div class=\"elementor-image-box-content\"><h4 class=\"elementor-image-box-title\">AREA DE TELECOMUNICACI\u00d3N<\/h4><p class=\"elementor-image-box-description\">CALCULO Y CONTRUCCI\u00d3N DE ENLACE DE MICROONDAS.\n\n\n\nPROYECTO Y CONSTRUCCI\u00d3N DE TENDIDO DE LINEAS DE FIBRA \u00d3PTICA\n<\/p><\/div><\/div>\t\t<\/div>\n\t\t\t\t<\/div>\n\t\t\t\t<\/div>\n\t\t\t\t\t<\/div>\n\t\t\t\t<\/div>\n\t\t\t\t<\/div>\n\t\t","protected":false},"excerpt":{"rendered":"<p>Nuestros Servicios Con 40 a\u00f1os de Experiencia ALTA Y MUY ALTA TENSI\u00d3N PROYECTO, CONSTRUCCI\u00d3N Y MANTENIMIENTO DE ESTACIONES Y SUBESTACIONES DE 220KV Y 66 KV. PROYECTO, CONSTRUCCI\u00d3N Y MANTENIMIENTO DE LINEAS ELECTRICAS DE 66KV. MEDIA Y BAJA TENSI\u00d3N PROYECTO, CONSTRUCCI\u00d3N Y MANTENIMIENTO DE LINEAS DE DISTRIBUCI\u00d3N DE MEDIA Y BAJA TENSION. CONSTRUCCI\u00d3N Y PROYECTO DE [&hellip;]<\/p>\n","protected":false},"author":1,"featured_media":0,"parent":0,"menu_order":0,"comment_status":"closed","ping_status":"closed","template":"elementor_header_footer","meta":{"footnotes":""},"class_list":["post-18","page","type-page","status-publish","hentry"],"_links":{"self":[{"href":"https:\/\/conosrl.com.py\/index.php?rest_route=\/wp\/v2\/pages\/18","targetHints":{"allow":["GET"]}}],"collection":[{"href":"https:\/\/conosrl.com.py\/index.php?rest_route=\/wp\/v2\/pages"}],"about":[{"href":"https:\/\/conosrl.com.py\/index.php?rest_route=\/wp\/v2\/types\/page"}],"author":[{"embeddable":true,"href":"https:\/\/conosrl.com.py\/index.php?rest_route=\/wp\/v2\/users\/1"}],"replies":[{"embeddable":true,"href":"https:\/\/conosrl.com.py\/index.php?rest_route=%2Fwp%2Fv2%2Fcomments&post=18"}],"version-history":[{"count":5,"href":"https:\/\/conosrl.com.py\/index.php?rest_route=\/wp\/v2\/pages\/18\/revisions"}],"predecessor-version":[{"id":302,"href":"https:\/\/conosrl.com.py\/index.php?rest_route=\/wp\/v2\/pages\/18\/revisions\/302"}],"wp:attachment":[{"href":"https:\/\/conosrl.com.py\/index.php?rest_route=%2Fwp%2Fv2%2Fmedia&parent=18"}],"curies":[{"name":"wp","href":"https:\/\/api.w.org\/{rel}","templated":true}]}}